{"id":534,"date":"2025-07-09T10:09:52","date_gmt":"2025-07-09T08:09:52","guid":{"rendered":"https:\/\/centricafg.com\/?page_id=534"},"modified":"2025-10-01T13:44:52","modified_gmt":"2025-10-01T11:44:52","slug":"important-disclosures","status":"publish","type":"page","link":"https:\/\/centricafg.com\/es\/important-disclosures\/","title":{"rendered":"Divulgaciones importantes"},"content":{"rendered":"<div class=\"pdfprnt-buttons pdfprnt-buttons-page pdfprnt-top-right\"><a href=\"https:\/\/centricafg.com\/es\/wp-json\/wp\/v2\/pages\/534?print=pdf\" class=\"pdfprnt-button pdfprnt-button-pdf\" target=\"_blank\"><img decoding=\"async\" src=\"https:\/\/centricafg.com\/wp-content\/plugins\/pdf-print\/images\/pdf.png\" alt=\"image_pdf\" title=\"Ver PDF\" \/><\/a><a href=\"https:\/\/centricafg.com\/es\/wp-json\/wp\/v2\/pages\/534?print=print\" class=\"pdfprnt-button pdfprnt-button-print\" target=\"_blank\"><img decoding=\"async\" src=\"https:\/\/centricafg.com\/wp-content\/plugins\/pdf-print\/images\/print.png\" alt=\"image_print\" title=\"contenido\" \/><\/a><\/div>\t\t<div data-elementor-type=\"wp-page\" data-elementor-id=\"534\" class=\"elementor elementor-534\" data-elementor-post-type=\"page\">\n\t\t\t\t<div data-particle_enable=\"false\" data-particle-mobile-disabled=\"false\" class=\"elementor-element elementor-element-6ef9910d e-flex e-con-boxed e-con e-parent\" data-id=\"6ef9910d\" data-element_type=\"container\">\n\t\t\t\t\t<div class=\"e-con-inner\">\n\t\t\t\t<div class=\"elementor-element elementor-element-a6bbf85 elementor-widget elementor-widget-heading\" data-id=\"a6bbf85\" data-element_type=\"widget\" data-widget_type=\"heading.default\">\n\t\t\t\t<div class=\"elementor-widget-container\">\n\t\t\t\t\t<h1 class=\"elementor-heading-title elementor-size-default\">Divulgaciones importantes<\/h1>\t\t\t\t<\/div>\n\t\t\t\t<\/div>\n\t\t\t\t<div class=\"elementor-element elementor-element-47c89f08 elementor-widget elementor-widget-text-editor\" data-id=\"47c89f08\" data-element_type=\"widget\" data-widget_type=\"text-editor.default\">\n\t\t\t\t<div class=\"elementor-widget-container\">\n\t\t\t\t\t\t\t\t\t\n<p><strong>Divulgaciones generales<\/strong><\/p>\n\n\n\n<p>Centrica Wealth Management (Centrica) est\u00e1 registrada como Asesora de Inversiones ante la Comisi\u00f3n de Bolsa y Valores de Estados Unidos (SEC). Para obtener m\u00e1s informaci\u00f3n sobre nuestras pr\u00e1cticas comerciales, antecedentes, conflictos de intereses, comisiones y otra informaci\u00f3n relevante, consulte los enlaces a continuaci\u00f3n o visite el sitio web de informaci\u00f3n para inversores de la SEC: <a href=\"https:\/\/www.investor.gov\/\">https:\/\/www.investor.gov\/<\/a><\/p>\n\n\n\n<p>Tambi\u00e9n puedes visitar: <a href=\"https:\/\/adviserinfo.sec.gov\/firm\/summary\/335042\">https:\/\/adviserinfo.sec.gov\/firm\/summary\/335042<\/a><\/p>\n\n\n\n<p>En ambos sitios puede obtener copias de nuestros Formularios ADV Parte 1, Parte 2 y Formulario CRS m\u00e1s recientes.<\/p>\n\n\n\n<p>Tenga en cuenta que el registro como asesor de inversiones no implica que Centrica ni ninguno de nuestros directores o empleados posean un nivel espec\u00edfico de habilidades o capacitaci\u00f3n. Tampoco implica, ni debe interpretarse, que la SEC o cualquier otro organismo regulador hayan aprobado o revisado este material.<\/p>\n\n\n\n<p>Los representantes de los asesores de inversi\u00f3n de Centrica tambi\u00e9n son representantes registrados de ACP Securities, LLC. ACP Securities es un corredor de bolsa registrado en la Comisi\u00f3n de Bolsa y Valores de Estados Unidos (SEC) y miembro de FINRA y SIPC. Tenga en cuenta que ACP no est\u00e1 afiliado ni es independiente de Centrica. Los representantes registrados de Centrica, que tambi\u00e9n son representantes registrados de ACP Securities, pueden solicitar valores y realizar transacciones de valores en nombre del cliente. En estos casos, podr\u00edan cobrar una comisi\u00f3n por transacci\u00f3n. En este caso, comprenda que se trata de un conflicto de intereses. Abordamos este tipo de conflictos asegur\u00e1ndonos de que a los clientes solo se les recomienden las transacciones que mejor les convengan. Adem\u00e1s, tenga en cuenta que existen diferencias fundamentales entre el funcionamiento de las cuentas de corretaje (de valores) y los servicios de asesor\u00eda de inversiones, incluyendo la forma en que se les cobra a los clientes por los servicios.<\/p>\n\n\n\n<p>Para comprender mejor estas diferencias, visite <a href=\"https:\/\/url.avanan.click\/v2\/___https:\/\/www.investor.gov\/___.YXAzOmNlbnRyaWNhd2VhbHRobWFuYWdlbWVudDphOm86ZGRiZDU0YmNjOTM5OGUyZWU3ODQ0Y2I0NmMyYzM4ZTY6NjpiNTg3OjU0M2U0ZjU1YjI5N2ZlYWNhMGI0ZDI5ZGNkZTMyMTExY2MwYmVkZTUxMjM2YjBmNjlkMTM1ZTQ2Y2I3NmJlYmM6cDpGOk4\">https:\/\/www.investor.gov\/<\/a>; <a href=\"https:\/\/url.avanan.click\/v2\/___https:\/\/adviserinfo.sec.gov\/firm\/summary\/335042___.YXAzOmNlbnRyaWNhd2VhbHRobWFuYWdlbWVudDphOm86ZGRiZDU0YmNjOTM5OGUyZWU3ODQ0Y2I0NmMyYzM4ZTY6NjoxODMyOmQ5OWYzNjdhOGRiNmZiNzM5YzRjMjVmZDcwMTIwMzE5ZTkwZjMxNmFlN2M2YTdlNjRiMDRlZDc0ZDliYmQ1MTA6cDpGOk4\">https:\/\/adviserinfo.sec.gov\/firm\/summary\/335042<\/a> o <a href=\"https:\/\/url.avanan.click\/v2\/___https:\/\/brokercheck.finra.org\/firm\/summary\/139049___.YXAzOmNlbnRyaWNhd2VhbHRobWFuYWdlbWVudDphOm86ZGRiZDU0YmNjOTM5OGUyZWU3ODQ0Y2I0NmMyYzM4ZTY6Njo2ZTdjOjY1YTQ5Y2Y4ZDI1MWVlMzdkNmZmY2E1NDBjYWExNzczMjU4ZjA1ZjgyNTI0MWVkZGQwZGJiOTdjOTkwZjE5NWM6cDpGOk4\">https:\/\/brokercheck.finra.org\/firm\/summary\/139049<\/a>, donde podr\u00e1 obtener copias del Formulario CRS de Centrica y ACP Securities, respectivamente.<\/p>\n\n\n\n<p>Centrica no custodia ning\u00fan activo ni realiza valoraci\u00f3n de activos ni valores. Nuestro cliente elige su custodio preferido.<\/p>\n\n\n\n<p>LEA ESTOS T\u00c9RMINOS Y CONDICIONES DETENIDAMENTE. AL ACCEDER A ESTE SITIO Y A CUALQUIERA DE SUS P\u00c1GINAS, ACEPTA LOS T\u00c9RMINOS Y CONDICIONES QUE SE DETALLAN A CONTINUACI\u00d3N. SI NO ACEPTA LOS T\u00c9RMINOS Y CONDICIONES QUE SE DETALLAN A CONTINUACI\u00d3N, NO ACCEDA, VEA NI USE ESTE SITIO NI NINGUNA DE SUS P\u00c1GINAS.<\/p>\n\n\n\n<p>El contenido de este sitio web tiene fines exclusivamente informativos. Las opiniones y debates que contiene tienen fines informativos generales y no pretenden ofrecer asesoramiento de inversi\u00f3n ni constituir una oferta de venta ni una solicitud de compra de ning\u00fan valor mencionado en este sitio web. Las opiniones y debates aqu\u00ed mencionados no consideran los objetivos de inversi\u00f3n espec\u00edficos, la situaci\u00f3n financiera ni las necesidades particulares de ning\u00fan inversor. Las opiniones sobre la econom\u00eda, los mercados de valores u otras \u00e1reas especializadas, como todos los predictores de eventos futuros, no pueden garantizarse como exactas y podr\u00edan ocasionar p\u00e9rdidas econ\u00f3micas al inversor.<\/p>\n\n\n\n<p>No se garantiza la validez de las opiniones y puntos de vista expresados en este documento tras su fecha de publicaci\u00f3n. Si bien se ha tomado de fuentes consideradas precisas, Centrica no garantiza la exactitud de la informaci\u00f3n proporcionada, que se basa en fuentes de terceros consideradas fiables, pero que no han sido verificadas de forma independiente y no se puede garantizar su exactitud e integridad.<\/p>\n\n\n\n<p>El contenido de este sitio web tambi\u00e9n puede incluir declaraciones prospectivas, y todas las declaraciones que no se basen en hechos hist\u00f3ricos deben considerarse prospectivas y subjetivas (incluyendo t\u00e9rminos como \u00abcreer\u00bb, \u00abestimar\u00bb, \u00abanticipar\u00bb, \u00abpuede\u00bb, \u00abdeber\u00e1\u00bb y \u00abesperar\u00bb). Si bien creemos que las expectativas reflejadas en dichas declaraciones prospectivas son razonables, no podemos garantizar que sean correctas. Muchos factores, como las condiciones cambiantes del mercado y los acontecimientos pol\u00edticos y econ\u00f3micos mundiales, podr\u00edan causar que los resultados o el rendimiento reales difieran sustancialmente de los analizados en dichas declaraciones prospectivas. Centrica no ser\u00e1 responsable de las consecuencias derivadas de la confianza depositada en cualquier opini\u00f3n o declaraci\u00f3n aqu\u00ed contenida, y renuncia expresamente a cualquier responsabilidad, incluidos los da\u00f1os incidentales o consecuentes, derivados de cualquier error, omisi\u00f3n o uso indebido.<\/p>\n\n\n\n<p><strong>Sin asesoramiento legal ni fiscal<\/strong><\/p>\n\n\n\n<p>Centrica no ofrece asesoramiento fiscal, legal ni contable. Este material se ha elaborado \u00fanicamente con fines informativos y no pretende ofrecer asesoramiento fiscal, legal ni contable, ni debe utilizarse como tal. Le recomendamos consultar con sus propios asesores fiscales, legales y contables antes de realizar cualquier transacci\u00f3n.<\/p>\n\n\n\n<p><strong>GARANT\u00cdA Y LIMITACI\u00d3N DE RESPONSABILIDAD<\/strong><\/p>\n\n\n\n<p>NO SE PUEDE GARANTIZAR LA EXACTITUD, INTEGRIDAD NI OPORTUNIDAD DE LA INFORMACI\u00d3N CONTENIDA EN ESTE SITIO. CENTRICA NO GARANTIZA NI HACE DECLARACIONES, NI HACE NINGUNA GARANT\u00cdA IMPL\u00cdCITA O EXPRESA, NI ASUME RESPONSABILIDAD ALGUNA CON RESPECTO AL USO DE LA INFORMACI\u00d3N EN EL SITIO. CENTRICA NO ES RESPONSABLE DE NING\u00daN DA\u00d1O CAUSADO POR LA TRANSMISI\u00d3N, A TRAV\u00c9S DEL ACCESO A LOS SERVICIOS O A LA INFORMACI\u00d3N DE ESTE SITIO, DE UN VIRUS INFORM\u00c1TICO U OTRO C\u00d3DIGO INFORM\u00c1TICO O DISPOSITIVO DE PROGRAMACI\u00d3N QUE PUEDA UTILIZARSE PARA ACCEDER, ELIMINAR, DA\u00d1AR, DESHABILITAR, INTERRUMPIR O IMPEDER DE CUALQUIER MANERA, EL FUNCIONAMIENTO DEL SITIO O DEL SOFTWARE, HARDWARE, DATOS O PROPIEDAD DE CUALQUIER USUARIO. EL USO DE ESTE SITIO WEB ES BAJO SU PROPIA RESPONSABILIDAD. CENTRICA NO TIENE LA OBLIGACI\u00d3N DE ACTUALIZAR O CORREGIR LA INFORMACI\u00d3N DEL SITIO. NO SE GARANTIZA LA EXACTITUD, INTEGRIDAD NI ACTUALIDAD DE LA INFORMACI\u00d3N CONTENIDA EN ESTE SITIO. CENTRICA NO GARANTIZA NI HACE DECLARACIONES, NI OFRECE GARANT\u00cdAS IMPL\u00cdCITAS O EXPRESAS, NI ASUME RESPONSABILIDAD ALGUNA CON RESPECTO AL USO DE LA INFORMACI\u00d3N DEL SITIO.<\/p>\n\n\n\n<p><strong>Derechos de autor, marcas comerciales y restricciones de uso de materiales<\/strong><\/p>\n\n\n\n<p>Usted reconoce y acepta que este sitio web incluye &quot;Contenido&quot; (incluyendo informaci\u00f3n, datos, software, fotograf\u00edas, gr\u00e1ficos, texto, im\u00e1genes, logotipos, iconos, tipograf\u00edas, material de audio y v\u00eddeo, y otros materiales) protegido por derechos de autor, marcas comerciales u otros derechos de propiedad, y que estos derechos son v\u00e1lidos y est\u00e1n protegidos en todas las formas, medios y tecnolog\u00edas existentes ahora o que se desarrollen en el futuro. El contenido es propiedad de Centrica, salvo que se indique lo contrario. La compilaci\u00f3n (es decir, la recopilaci\u00f3n, ordenaci\u00f3n y montaje) de todo el contenido del sitio web es propiedad exclusiva de Centrica y est\u00e1 protegida por las leyes de derechos de autor y marcas comerciales de Estados Unidos e internacionales. No puede copiar, modificar, eliminar, borrar, aumentar, a\u00f1adir, publicar, transmitir, participar en la transferencia, licencia o venta, crear obras derivadas ni explotar de ninguna manera el contenido, total o parcialmente, salvo que se permita espec\u00edficamente en el presente documento. Si no se muestran restricciones espec\u00edficas, puede realizar una copia de partes seleccionadas del Contenido, siempre que (1) la copia se realice \u00fanicamente para su informaci\u00f3n personal y uso no comercial, (2) no altere ni modifique el Contenido de ninguna manera, y (3) mantenga todos los avisos incluidos en el Contenido, como los avisos de derechos de autor, las leyendas de marcas registradas u otros avisos de derechos de propiedad. Salvo lo dispuesto en la oraci\u00f3n anterior o seg\u00fan lo permita el privilegio de uso leg\u00edtimo seg\u00fan las leyes de derechos de autor de EE. UU., no podr\u00e1 cargar, publicar, reproducir, ejecutar ni distribuir ning\u00fan Contenido de ninguna manera sin obtener la autorizaci\u00f3n expresa de Centrica.<\/p>\n\n\n\n<p><strong>Uso de enlaces<\/strong><\/p>\n\n\n\n<p>El uso de cualquier enlace contenido en este sitio web es bajo su propio riesgo. El contenido de cualquier sitio web de terceros puede no haber sido desarrollado, verificado para su precisi\u00f3n o revisado por Centrica, que no ofrece garant\u00edas, ni expresas ni impl\u00edcitas, ni realiza declaraciones sobre, ni ser\u00e1 responsable de, ning\u00fan sitio web o contenido de terceros, incluyendo, sin limitaci\u00f3n, la precisi\u00f3n, el tema, la calidad o la puntualidad de cualquier contenido electr\u00f3nico. Los enlaces a sitios web no afiliados no implican ning\u00fan respaldo ni responsabilidad por las opiniones, ideas, productos, informaci\u00f3n o servicios ofrecidos en dichos sitios, ni ninguna declaraci\u00f3n sobre el contenido de dichos sitios, y rechazamos expresamente cualquier respaldo o declaraci\u00f3n de este tipo. Adem\u00e1s, los sitios web de terceros pueden tener pol\u00edticas de privacidad o pr\u00e1cticas de seguridad diferentes a las de este sitio web, por lo que es importante leer las pol\u00edticas de esos sitios antes de compartir su informaci\u00f3n personal. Por la presente, usted renuncia a cualquier reclamaci\u00f3n que pueda tener contra Centrica con respecto a dichos otros sitios web.<\/p>\n\n\n\n<p><strong>Aviso de pol\u00edtica de privacidad<\/strong><\/p>\n\n\n\n<p>En Centrica Wealth Management, nos comprometemos a proteger su privacidad y a salvaguardar su informaci\u00f3n personal y financiera. Al prestar servicios de asesor\u00eda de inversiones y planificaci\u00f3n financiera, recopilamos informaci\u00f3n personal no p\u00fablica sobre usted, como su nombre, direcci\u00f3n, informaci\u00f3n de contacto, n\u00famero de Seguro Social, fecha de nacimiento, detalles de sus cuentas financieras, actividad de inversi\u00f3n, empleo y otra informaci\u00f3n obtenida a trav\u00e9s de solicitudes, formularios y comunicaciones con nosotros, as\u00ed como de terceros, como custodios y corredores\/distribuidores. Utilizamos esta informaci\u00f3n para prestar nuestros servicios, mantener y gestionar sus cuentas, procesar transacciones y cumplir con los requisitos legales y reglamentarios. Su informaci\u00f3n puede ser compartida con proveedores de servicios, como custodios o corredores\/distribuidores, y con las autoridades reguladoras, seg\u00fan lo exija la ley, pero no vendemos su informaci\u00f3n personal a nadie. Mantenemos estrictas medidas de seguridad f\u00edsicas, electr\u00f3nicas y de procedimiento para proteger su informaci\u00f3n, restringiendo el acceso a los empleados y agentes que la necesitan para prestarle servicios. Nuestras medidas de seguridad incluyen sistemas protegidos por contrase\u00f1a, entornos de oficina seguros, acuerdos de confidencialidad con los proveedores de servicios y capacitaci\u00f3n continua de los empleados sobre privacidad y seguridad de la informaci\u00f3n. Tiene ciertos derechos bajo la ley federal, incluyendo la posibilidad de limitar el uso compartido de su informaci\u00f3n, solicitar acceso o correcci\u00f3n de su informaci\u00f3n, y optar por no compartirla en ciertos casos. Si finaliza su relaci\u00f3n con Centrica Wealth Management, seguiremos protegiendo su informaci\u00f3n como se describe en este aviso. Si tiene alguna pregunta sobre nuestra pol\u00edtica de privacidad, cont\u00e1ctenos al +1 (305) 686-7910.&nbsp;<a href=\"mailto:info@centricafg.com\" target=\"_blank\" rel=\"noreferrer noopener\">info@centricafg.com<\/a>, o 1200 Brickell Ave, Suite 1700B, Miami, FL 33131.<\/p>\n\t\t\t\t\t\t\t\t<\/div>\n\t\t\t\t<\/div>\n\t\t\t\t\t<\/div>\n\t\t\t\t<\/div>\n\t\t\t\t<\/div>","protected":false},"excerpt":{"rendered":"<p>Informaci\u00f3n importante. Informaci\u00f3n general. Centrica Wealth Management (Centrica) est\u00e1 registrada como asesora de inversiones ante la Comisi\u00f3n de Bolsa y Valores de Estados Unidos (SEC). Para obtener m\u00e1s informaci\u00f3n sobre nuestras pr\u00e1cticas comerciales, antecedentes, conflictos de intereses, comisiones y otra informaci\u00f3n relevante, consulte los enlaces a continuaci\u00f3n o visite el sitio web de informaci\u00f3n para inversores de la SEC: https:\/\/www.investor.gov\/. Adem\u00e1s, [\u2026]<\/p>","protected":false},"author":1,"featured_media":0,"parent":0,"menu_order":0,"comment_status":"closed","ping_status":"closed","template":"","meta":{"footnotes":""},"class_list":["post-534","page","type-page","status-publish","hentry"],"yoast_head":"<!-- This site is optimized with the Yoast SEO plugin v25.6 - https:\/\/yoast.com\/wordpress\/plugins\/seo\/ -->\n<title>Important Disclosures - Centrica Financial Group<\/title>\n<meta name=\"robots\" content=\"index, follow, max-snippet:-1, max-image-preview:large, max-video-preview:-1\" \/>\n<link rel=\"canonical\" href=\"https:\/\/centricafg.com\/es\/important-disclosures\/\" \/>\n<meta property=\"og:locale\" content=\"es_ES\" \/>\n<meta property=\"og:type\" content=\"article\" \/>\n<meta property=\"og:title\" content=\"Important Disclosures - Centrica Financial Group\" \/>\n<meta property=\"og:description\" content=\"Important Disclosures General Disclosures Centrica Wealth Management (Centrica) is registered as an Investment Advisor with the US Securities and Exchange Commission. For more information on our business practices, background, conflict of interests, fees charged, and other relevant information please see the links below or visit the SEC&#8217;s public investor information site at: https:\/\/www.investor.gov\/ Also, you [&hellip;]\" \/>\n<meta property=\"og:url\" content=\"https:\/\/centricafg.com\/es\/important-disclosures\/\" \/>\n<meta property=\"og:site_name\" content=\"Centrica Financial Group\" \/>\n<meta property=\"article:modified_time\" content=\"2025-10-01T11:44:52+00:00\" \/>\n<meta name=\"twitter:card\" content=\"summary_large_image\" \/>\n<meta name=\"twitter:image\" content=\"https:\/\/centricafg.com\/wp-content\/uploads\/2025\/08\/centrica-logo.png\" \/>\n<meta name=\"twitter:label1\" content=\"Tiempo de lectura\" \/>\n\t<meta name=\"twitter:data1\" content=\"8 minutos\" \/>\n<script type=\"application\/ld+json\" class=\"yoast-schema-graph\">{\"@context\":\"https:\/\/schema.org\",\"@graph\":[{\"@type\":\"WebPage\",\"@id\":\"https:\/\/centricafg.com\/important-disclosures\/\",\"url\":\"https:\/\/centricafg.com\/important-disclosures\/\",\"name\":\"Important Disclosures - Centrica Financial Group\",\"isPartOf\":{\"@id\":\"https:\/\/centricafg.com\/#website\"},\"datePublished\":\"2025-07-09T08:09:52+00:00\",\"dateModified\":\"2025-10-01T11:44:52+00:00\",\"breadcrumb\":{\"@id\":\"https:\/\/centricafg.com\/important-disclosures\/#breadcrumb\"},\"inLanguage\":\"es\",\"potentialAction\":[{\"@type\":\"ReadAction\",\"target\":[\"https:\/\/centricafg.com\/important-disclosures\/\"]}]},{\"@type\":\"BreadcrumbList\",\"@id\":\"https:\/\/centricafg.com\/important-disclosures\/#breadcrumb\",\"itemListElement\":[{\"@type\":\"ListItem\",\"position\":1,\"name\":\"Portada\",\"item\":\"https:\/\/centricafg.com\/\"},{\"@type\":\"ListItem\",\"position\":2,\"name\":\"Important Disclosures\"}]},{\"@type\":\"WebSite\",\"@id\":\"https:\/\/centricafg.com\/#website\",\"url\":\"https:\/\/centricafg.com\/\",\"name\":\"Centrica Financial Group\",\"description\":\"Centrica is an independent financial advisor registered with the Securities and Exchange Commission (SEC) serving ultra-high net worth families\",\"publisher\":{\"@id\":\"https:\/\/centricafg.com\/#organization\"},\"potentialAction\":[{\"@type\":\"SearchAction\",\"target\":{\"@type\":\"EntryPoint\",\"urlTemplate\":\"https:\/\/centricafg.com\/?s={search_term_string}\"},\"query-input\":{\"@type\":\"PropertyValueSpecification\",\"valueRequired\":true,\"valueName\":\"search_term_string\"}}],\"inLanguage\":\"es\"},{\"@type\":\"Organization\",\"@id\":\"https:\/\/centricafg.com\/#organization\",\"name\":\"Centrica Financial Group\",\"url\":\"https:\/\/centricafg.com\/\",\"logo\":{\"@type\":\"ImageObject\",\"inLanguage\":\"es\",\"@id\":\"https:\/\/centricafg.com\/#\/schema\/logo\/image\/\",\"url\":\"https:\/\/centricafg.com\/wp-content\/uploads\/2025\/08\/centrica-logo.png\",\"contentUrl\":\"https:\/\/centricafg.com\/wp-content\/uploads\/2025\/08\/centrica-logo.png\",\"width\":2000,\"height\":2000,\"caption\":\"Centrica Financial Group\"},\"image\":{\"@id\":\"https:\/\/centricafg.com\/#\/schema\/logo\/image\/\"}}]}<\/script>\n<!-- \/ Yoast SEO plugin. -->","yoast_head_json":{"title":"Important Disclosures - Centrica Financial Group","robots":{"index":"index","follow":"follow","max-snippet":"max-snippet:-1","max-image-preview":"max-image-preview:large","max-video-preview":"max-video-preview:-1"},"canonical":"https:\/\/centricafg.com\/es\/important-disclosures\/","og_locale":"es_ES","og_type":"article","og_title":"Important Disclosures - Centrica Financial Group","og_description":"Important Disclosures General Disclosures Centrica Wealth Management (Centrica) is registered as an Investment Advisor with the US Securities and Exchange Commission. For more information on our business practices, background, conflict of interests, fees charged, and other relevant information please see the links below or visit the SEC&#8217;s public investor information site at: https:\/\/www.investor.gov\/ Also, you [&hellip;]","og_url":"https:\/\/centricafg.com\/es\/important-disclosures\/","og_site_name":"Centrica Financial Group","article_modified_time":"2025-10-01T11:44:52+00:00","twitter_card":"summary_large_image","twitter_image":"https:\/\/centricafg.com\/wp-content\/uploads\/2025\/08\/centrica-logo.png","twitter_misc":{"Tiempo de lectura":"8 minutos"},"schema":{"@context":"https:\/\/schema.org","@graph":[{"@type":"WebPage","@id":"https:\/\/centricafg.com\/important-disclosures\/","url":"https:\/\/centricafg.com\/important-disclosures\/","name":"Important Disclosures - Centrica Financial Group","isPartOf":{"@id":"https:\/\/centricafg.com\/#website"},"datePublished":"2025-07-09T08:09:52+00:00","dateModified":"2025-10-01T11:44:52+00:00","breadcrumb":{"@id":"https:\/\/centricafg.com\/important-disclosures\/#breadcrumb"},"inLanguage":"es","potentialAction":[{"@type":"ReadAction","target":["https:\/\/centricafg.com\/important-disclosures\/"]}]},{"@type":"BreadcrumbList","@id":"https:\/\/centricafg.com\/important-disclosures\/#breadcrumb","itemListElement":[{"@type":"ListItem","position":1,"name":"Portada","item":"https:\/\/centricafg.com\/"},{"@type":"ListItem","position":2,"name":"Important Disclosures"}]},{"@type":"WebSite","@id":"https:\/\/centricafg.com\/#website","url":"https:\/\/centricafg.com\/","name":"Grupo Financiero Centrica","description":"Centrica es un asesor financiero independiente registrado en la Comisi\u00f3n de Bolsa y Valores (SEC) que atiende a familias con un patrimonio neto ultraalto.","publisher":{"@id":"https:\/\/centricafg.com\/#organization"},"potentialAction":[{"@type":"SearchAction","target":{"@type":"EntryPoint","urlTemplate":"https:\/\/centricafg.com\/?s={search_term_string}"},"query-input":{"@type":"PropertyValueSpecification","valueRequired":true,"valueName":"search_term_string"}}],"inLanguage":"es"},{"@type":"Organization","@id":"https:\/\/centricafg.com\/#organization","name":"Grupo Financiero Centrica","url":"https:\/\/centricafg.com\/","logo":{"@type":"ImageObject","inLanguage":"es","@id":"https:\/\/centricafg.com\/#\/schema\/logo\/image\/","url":"https:\/\/centricafg.com\/wp-content\/uploads\/2025\/08\/centrica-logo.png","contentUrl":"https:\/\/centricafg.com\/wp-content\/uploads\/2025\/08\/centrica-logo.png","width":2000,"height":2000,"caption":"Centrica Financial Group"},"image":{"@id":"https:\/\/centricafg.com\/#\/schema\/logo\/image\/"}}]}},"_links":{"self":[{"href":"https:\/\/centricafg.com\/es\/wp-json\/wp\/v2\/pages\/534","targetHints":{"allow":["GET"]}}],"collection":[{"href":"https:\/\/centricafg.com\/es\/wp-json\/wp\/v2\/pages"}],"about":[{"href":"https:\/\/centricafg.com\/es\/wp-json\/wp\/v2\/types\/page"}],"author":[{"embeddable":true,"href":"https:\/\/centricafg.com\/es\/wp-json\/wp\/v2\/users\/1"}],"replies":[{"embeddable":true,"href":"https:\/\/centricafg.com\/es\/wp-json\/wp\/v2\/comments?post=534"}],"version-history":[{"count":0,"href":"https:\/\/centricafg.com\/es\/wp-json\/wp\/v2\/pages\/534\/revisions"}],"wp:attachment":[{"href":"https:\/\/centricafg.com\/es\/wp-json\/wp\/v2\/media?parent=534"}],"curies":[{"name":"gracias","href":"https:\/\/api.w.org\/{rel}","templated":true}]}}